{"id":1504,"date":"2024-05-30T14:07:47","date_gmt":"2024-05-30T17:07:47","guid":{"rendered":"https:\/\/marinsbertoldi.com.br\/terms-of-use\/"},"modified":"2024-05-31T14:35:33","modified_gmt":"2024-05-31T17:35:33","slug":"terms-of-use","status":"publish","type":"page","link":"https:\/\/marinsbertoldi.com.br\/en\/terms-of-use\/","title":{"rendered":"Terms of Use"},"content":{"rendered":"\t\t<div data-elementor-type=\"wp-page\" data-elementor-id=\"1504\" class=\"elementor elementor-1504 elementor-1197\" data-elementor-post-type=\"page\">\n\t\t\t\t<div class=\"elementor-element elementor-element-5da7b33 e-con-full e-flex e-con e-parent\" data-id=\"5da7b33\" data-element_type=\"container\" data-e-type=\"container\" data-settings=\"{&quot;background_background&quot;:&quot;classic&quot;}\">\n\t\t<div class=\"elementor-element elementor-element-8653005 e-flex e-con-boxed e-con e-child\" data-id=\"8653005\" data-element_type=\"container\" data-e-type=\"container\" data-settings=\"{&quot;background_background&quot;:&quot;classic&quot;}\">\n\t\t\t\t\t<div class=\"e-con-inner\">\n\t\t\t\t<div class=\"elementor-element elementor-element-f0e1ea5 elementor-widget elementor-widget-heading\" data-id=\"f0e1ea5\" data-element_type=\"widget\" data-e-type=\"widget\" data-widget_type=\"heading.default\">\n\t\t\t\t<div class=\"elementor-widget-container\">\n\t\t\t\t\t<h2 class=\"elementor-heading-title elementor-size-default\">Terms of Use<\/h2>\t\t\t\t<\/div>\n\t\t\t\t<\/div>\n\t\t\t\t<div class=\"elementor-element elementor-element-cda9097 elementor-widget__width-initial elementor-widget elementor-widget-text-editor\" data-id=\"cda9097\" data-element_type=\"widget\" data-e-type=\"widget\" data-widget_type=\"text-editor.default\">\n\t\t\t\t<div class=\"elementor-widget-container\">\n\t\t\t\t\t\t\t\t\t<p>These Terms of Use will be constantly updated, and their latest version will always be available to users.<\/p>\n\t\t\t\t\t\t\t\t<\/div>\n\t\t\t\t<\/div>\n\t\t\t\t\t<\/div>\n\t\t\t\t<\/div>\n\t\t\t\t<\/div>\n\t\t<div class=\"elementor-element elementor-element-dddbe3f e-flex e-con-boxed e-con e-parent\" data-id=\"dddbe3f\" data-element_type=\"container\" data-e-type=\"container\">\n\t\t\t\t\t<div class=\"e-con-inner\">\n\t\t\t\t<div class=\"elementor-element elementor-element-cf1907f elementor-widget elementor-widget-text-editor\" data-id=\"cf1907f\" data-element_type=\"widget\" data-e-type=\"widget\" data-widget_type=\"text-editor.default\">\n\t\t\t\t<div class=\"elementor-widget-container\">\n\t\t\t\t\t\t\t\t\t<p>The Terms of Use of MBA (&#8220;Terms&#8221;) are intended to guide users in using the information contained on our website <a href=\"https:\/\/marinsbertoldi.com.br\/\">www.marinsbertoldi.com.br<\/a>. If you do not agree with the terms of this document, please do not use our website. Accessing the site implies full acceptance and agreement with the Terms.<\/p>\n<p>This site is controlled and operated by Marins Bertoldi Advogados, a law firm headquartered in the city of Curitiba, State of Paran\u00e1, at Rua Mau\u00e1, n\u00ba 1248, registered under CNPJ\/MF n\u00ba 00.863.764\/0001-00.<\/p>\n<p>Access to and use of this site will be governed by Brazilian law.<\/p>\n<p>First, it should be noted that all information on our site is purely informational and technical and does not serve as legal advice in any way. The services provided by MBA are not concluded through the site but only through direct and personal contact between clients and MBA lawyers, through the execution of a Legal Services Contract.<\/p>\n<p>The site and its content comply with the Code of Ethics and Discipline of the Brazilian Bar Association, and it does not aim to attract clients or engage in advertising outside the permitted guidelines.<\/p>\n<p>It is informed that our site may contain links directing to other sites. MBA does not control the accuracy of the information contained on these sites. N\u00e3o haver\u00e1 controle do MBA em rela\u00e7\u00e3o \u00e0 exatid\u00e3o das informa\u00e7\u00f5es contidas nesses sites.<\/p>\n<p>All articles, publications, videos, audio, and photos (&#8220;Content&#8221;) on the site are the property of MBA. The Content is protected by the Copyright Law No. 9.610\/98. Site users may not alter, reproduce, copy, distribute, transmit, display, publish, sell, license, create derivative works, or use any element of the site for commercial or public purposes or on any other website or computer network.<\/p>\n<p>MBA is not responsible under any circumstances for damages, direct or indirect, or for lost profits resulting from the use of the information on this site or any of its articles, videos, and other materials.<\/p>\n<p>These Terms of Use will be constantly updated, and their latest version will always be available to users. By using the site, the user agrees to these Terms of Use.<\/p>\n<p>Updated: June 24, 2019.<\/p>\n\t\t\t\t\t\t\t\t<\/div>\n\t\t\t\t<\/div>\n\t\t\t\t\t<\/div>\n\t\t\t\t<\/div>\n\t\t\t\t<\/div>\n\t\t","protected":false},"excerpt":{"rendered":"<p>These Terms of Use will be constantly updated, and their latest version will always be available to users. The Terms [&hellip;]<\/p>\n","protected":false},"author":1,"featured_media":0,"parent":0,"menu_order":0,"comment_status":"closed","ping_status":"closed","template":"","meta":{"site-sidebar-layout":"no-sidebar","site-content-layout":"","ast-site-content-layout":"full-width-container","site-content-style":"default","site-sidebar-style":"default","ast-global-header-display":"","ast-banner-title-visibility":"","ast-main-header-display":"","ast-hfb-above-header-display":"","ast-hfb-below-header-display":"","ast-hfb-mobile-header-display":"","site-post-title":"disabled","ast-breadcrumbs-content":"","ast-featured-img":"disabled","footer-sml-layout":"","ast-disable-related-posts":"","theme-transparent-header-meta":"","adv-header-id-meta":"","stick-header-meta":"","header-above-stick-meta":"","header-main-stick-meta":"","header-below-stick-meta":"","astra-migrate-meta-layouts":"default","ast-page-background-enabled":"default","ast-page-background-meta":{"desktop":{"background-color":"var(--ast-global-color-4)","background-image":"","background-repeat":"repeat","background-position":"center center","background-size":"auto","background-attachment":"scroll","background-type":"","background-media":"","overlay-type":"","overlay-color":"","overlay-opacity":"","overlay-gradient":""},"tablet":{"background-color":"","background-image":"","background-repeat":"repeat","background-position":"center center","background-size":"auto","background-attachment":"scroll","background-type":"","background-media":"","overlay-type":"","overlay-color":"","overlay-opacity":"","overlay-gradient":""},"mobile":{"background-color":"","background-image":"","background-repeat":"repeat","background-position":"center center","background-size":"auto","background-attachment":"scroll","background-type":"","background-media":"","overlay-type":"","overlay-color":"","overlay-opacity":"","overlay-gradient":""}},"ast-content-background-meta":{"desktop":{"background-color":"var(--ast-global-color-5)","background-image":"","background-repeat":"repeat","background-position":"center center","background-size":"auto","background-attachment":"scroll","background-type":"","background-media":"","overlay-type":"","overlay-color":"","overlay-opacity":"","overlay-gradient":""},"tablet":{"background-color":"var(--ast-global-color-5)","background-image":"","background-repeat":"repeat","background-position":"center center","background-size":"auto","background-attachment":"scroll","background-type":"","background-media":"","overlay-type":"","overlay-color":"","overlay-opacity":"","overlay-gradient":""},"mobile":{"background-color":"var(--ast-global-color-5)","background-image":"","background-repeat":"repeat","background-position":"center center","background-size":"auto","background-attachment":"scroll","background-type":"","background-media":"","overlay-type":"","overlay-color":"","overlay-opacity":"","overlay-gradient":""}},"footnotes":""},"class_list":["post-1504","page","type-page","status-publish","hentry"],"_links":{"self":[{"href":"https:\/\/marinsbertoldi.com.br\/en\/wp-json\/wp\/v2\/pages\/1504","targetHints":{"allow":["GET"]}}],"collection":[{"href":"https:\/\/marinsbertoldi.com.br\/en\/wp-json\/wp\/v2\/pages"}],"about":[{"href":"https:\/\/marinsbertoldi.com.br\/en\/wp-json\/wp\/v2\/types\/page"}],"author":[{"embeddable":true,"href":"https:\/\/marinsbertoldi.com.br\/en\/wp-json\/wp\/v2\/users\/1"}],"replies":[{"embeddable":true,"href":"https:\/\/marinsbertoldi.com.br\/en\/wp-json\/wp\/v2\/comments?post=1504"}],"version-history":[{"count":0,"href":"https:\/\/marinsbertoldi.com.br\/en\/wp-json\/wp\/v2\/pages\/1504\/revisions"}],"wp:attachment":[{"href":"https:\/\/marinsbertoldi.com.br\/en\/wp-json\/wp\/v2\/media?parent=1504"}],"curies":[{"name":"wp","href":"https:\/\/api.w.org\/{rel}","templated":true}]}}